{"id":26,"date":"2026-02-02T15:36:16","date_gmt":"2026-02-02T15:36:16","guid":{"rendered":"https:\/\/asesoriadeustosl.rkinformatika.online\/?page_id=26"},"modified":"2026-02-03T09:19:18","modified_gmt":"2026-02-03T09:19:18","slug":"servicios","status":"publish","type":"page","link":"https:\/\/asesoriadeustosl.com\/eu\/servicios\/","title":{"rendered":"Zerbitzuak"},"content":{"rendered":"<div data-elementor-type=\"wp-page\" data-elementor-id=\"26\" class=\"elementor elementor-26\" data-elementor-post-type=\"page\">\n\t\t\t\t<div class=\"elementor-element elementor-element-e847fb6 e-flex e-con-boxed e-con e-parent\" data-id=\"e847fb6\" data-element_type=\"container\" data-e-type=\"container\" data-settings=\"{&quot;background_background&quot;:&quot;classic&quot;}\">\n\t\t\t\t\t<div class=\"e-con-inner\">\n\t\t\t\t<div class=\"elementor-element elementor-element-0840c8c elementor-widget elementor-widget-spacer\" data-id=\"0840c8c\" data-element_type=\"widget\" data-e-type=\"widget\" data-widget_type=\"spacer.default\">\n\t\t\t\t\t\t\t<div class=\"elementor-spacer\">\n\t\t\t<div class=\"elementor-spacer-inner\"><\/div>\n\t\t<\/div>\n\t\t\t\t\t\t<\/div>\n\t\t\t\t\t<\/div>\n\t\t\t\t<\/div>\n\t\t<div class=\"elementor-element elementor-element-3975abb e-flex e-con-boxed e-con e-parent\" data-id=\"3975abb\" data-element_type=\"container\" data-e-type=\"container\">\n\t\t\t\t\t<div class=\"e-con-inner\">\n\t\t<div class=\"elementor-element elementor-element-5a48f61 e-con-full animated-slow e-flex elementor-invisible e-con e-child\" data-id=\"5a48f61\" data-element_type=\"container\" data-e-type=\"container\" data-settings=\"{&quot;animation&quot;:&quot;fadeInLeft&quot;}\">\n\t\t\t\t<div class=\"elementor-element elementor-element-5dabcba elementor-widget elementor-widget-image\" data-id=\"5dabcba\" data-element_type=\"widget\" data-e-type=\"widget\" data-widget_type=\"image.default\">\n\t\t\t\t\t\t\t\t\t\t\t\t\t\t\t<img fetchpriority=\"high\" decoding=\"async\" width=\"800\" height=\"534\" src=\"https:\/\/asesoriadeustosl.com\/wp-content\/uploads\/2026\/02\/cropped-hands-businesswoman-using-phone-desk-office-1024x683.jpg\" class=\"attachment-large size-large wp-image-237\" alt=\"\" srcset=\"https:\/\/asesoriadeustosl.com\/wp-content\/uploads\/2026\/02\/cropped-hands-businesswoman-using-phone-desk-office-1024x683.jpg 1024w, https:\/\/asesoriadeustosl.com\/wp-content\/uploads\/2026\/02\/cropped-hands-businesswoman-using-phone-desk-office-300x200.jpg 300w, https:\/\/asesoriadeustosl.com\/wp-content\/uploads\/2026\/02\/cropped-hands-businesswoman-using-phone-desk-office-768x512.jpg 768w, https:\/\/asesoriadeustosl.com\/wp-content\/uploads\/2026\/02\/cropped-hands-businesswoman-using-phone-desk-office-1536x1024.jpg 1536w, https:\/\/asesoriadeustosl.com\/wp-content\/uploads\/2026\/02\/cropped-hands-businesswoman-using-phone-desk-office-2048x1365.jpg 2048w, https:\/\/asesoriadeustosl.com\/wp-content\/uploads\/2026\/02\/cropped-hands-businesswoman-using-phone-desk-office-18x12.jpg 18w\" sizes=\"(max-width: 800px) 100vw, 800px\" \/>\t\t\t\t\t\t\t\t\t\t\t\t\t\t\t<\/div>\n\t\t\t\t<\/div>\n\t\t<div class=\"elementor-element elementor-element-334152a e-con-full e-flex e-con e-child\" data-id=\"334152a\" data-element_type=\"container\" data-e-type=\"container\">\n\t\t\t\t<div class=\"elementor-element elementor-element-2648865 elementor-widget elementor-widget-heading\" data-id=\"2648865\" data-element_type=\"widget\" data-e-type=\"widget\" data-widget_type=\"heading.default\">\n\t\t\t\t\t<h2 class=\"elementor-heading-title elementor-size-default\">Asesor\u00eda fiscal<\/h2>\t\t\t\t<\/div>\n\t\t\t\t<div class=\"elementor-element elementor-element-39a4f25 elementor-widget elementor-widget-text-editor\" data-id=\"39a4f25\" data-element_type=\"widget\" data-e-type=\"widget\" data-widget_type=\"text-editor.default\">\n\t\t\t\t\t\t\t\t\t<p>Gesti\u00f3n y presentaci\u00f3n de todos los impuestos como el IVA, retenciones de alquileres, retenciones de trabajadores, Declaraci\u00f3n de la Renta, Impuesto de Sociedades<\/p>\t\t\t\t\t\t\t\t<\/div>\n\t\t\t\t<\/div>\n\t\t\t\t\t<\/div>\n\t\t\t\t<\/div>\n\t\t<div class=\"elementor-element elementor-element-4ef5a9a e-flex e-con-boxed e-con e-parent\" data-id=\"4ef5a9a\" data-element_type=\"container\" data-e-type=\"container\">\n\t\t\t\t\t<div class=\"e-con-inner\">\n\t\t<div class=\"elementor-element elementor-element-2cc5cd9 e-con-full animated-slow e-flex elementor-invisible e-con e-child\" data-id=\"2cc5cd9\" data-element_type=\"container\" data-e-type=\"container\" data-settings=\"{&quot;animation&quot;:&quot;fadeInRight&quot;}\">\n\t\t\t\t<div class=\"elementor-element elementor-element-d3b93f6 elementor-widget elementor-widget-image\" data-id=\"d3b93f6\" data-element_type=\"widget\" data-e-type=\"widget\" data-widget_type=\"image.default\">\n\t\t\t\t\t\t\t\t\t\t\t\t\t\t\t<img decoding=\"async\" width=\"800\" height=\"534\" src=\"https:\/\/asesoriadeustosl.com\/wp-content\/uploads\/2026\/02\/high-angle-view-people-using-laptop-table-1024x683.jpg\" class=\"attachment-large size-large wp-image-319\" alt=\"\" srcset=\"https:\/\/asesoriadeustosl.com\/wp-content\/uploads\/2026\/02\/high-angle-view-people-using-laptop-table-1024x683.jpg 1024w, https:\/\/asesoriadeustosl.com\/wp-content\/uploads\/2026\/02\/high-angle-view-people-using-laptop-table-300x200.jpg 300w, https:\/\/asesoriadeustosl.com\/wp-content\/uploads\/2026\/02\/high-angle-view-people-using-laptop-table-768x512.jpg 768w, https:\/\/asesoriadeustosl.com\/wp-content\/uploads\/2026\/02\/high-angle-view-people-using-laptop-table-1536x1025.jpg 1536w, https:\/\/asesoriadeustosl.com\/wp-content\/uploads\/2026\/02\/high-angle-view-people-using-laptop-table-18x12.jpg 18w\" sizes=\"(max-width: 800px) 100vw, 800px\" \/>\t\t\t\t\t\t\t\t\t\t\t\t\t\t\t<\/div>\n\t\t\t\t<\/div>\n\t\t<div class=\"elementor-element elementor-element-5ad51b4 e-con-full e-flex e-con e-child\" data-id=\"5ad51b4\" data-element_type=\"container\" data-e-type=\"container\">\n\t\t\t\t<div class=\"elementor-element elementor-element-5da71da elementor-widget elementor-widget-heading\" data-id=\"5da71da\" data-element_type=\"widget\" data-e-type=\"widget\" data-widget_type=\"heading.default\">\n\t\t\t\t\t<h2 class=\"elementor-heading-title elementor-size-default\">Asesor\u00eda laboral<\/h2>\t\t\t\t<\/div>\n\t\t\t\t<div class=\"elementor-element elementor-element-60fd9ec elementor-widget elementor-widget-text-editor\" data-id=\"60fd9ec\" data-element_type=\"widget\" data-e-type=\"widget\" data-widget_type=\"text-editor.default\">\n\t\t\t\t\t\t\t\t\t<p>Tramitaci\u00f3n de altas y bajas de trabajadores en la Seguridad Social, contratos de trabajo, confecci\u00f3n de n\u00f3minas y seguros sociales, elaboraci\u00f3n de cartas de despido y finiquitos<\/p>\t\t\t\t\t\t\t\t<\/div>\n\t\t\t\t<\/div>\n\t\t\t\t\t<\/div>\n\t\t\t\t<\/div>\n\t\t<div class=\"elementor-element elementor-element-4e74840 e-flex e-con-boxed e-con e-parent\" data-id=\"4e74840\" data-element_type=\"container\" data-e-type=\"container\">\n\t\t\t\t\t<div class=\"e-con-inner\">\n\t\t<div class=\"elementor-element elementor-element-203a792 e-con-full animated-slow e-flex elementor-invisible e-con e-child\" data-id=\"203a792\" data-element_type=\"container\" data-e-type=\"container\" data-settings=\"{&quot;animation&quot;:&quot;fadeInLeft&quot;}\">\n\t\t\t\t<div class=\"elementor-element elementor-element-8af4ebc elementor-widget elementor-widget-image\" data-id=\"8af4ebc\" data-element_type=\"widget\" data-e-type=\"widget\" data-widget_type=\"image.default\">\n\t\t\t\t\t\t\t\t\t\t\t\t\t\t\t<img decoding=\"async\" width=\"800\" height=\"534\" src=\"https:\/\/asesoriadeustosl.com\/wp-content\/uploads\/2026\/02\/business-man-holding-smartphone-working-mobile-devices-cell-telephone-technology-ecommerce-smartphone-business-work-1024x683.jpg\" class=\"attachment-large size-large wp-image-238\" alt=\"\" srcset=\"https:\/\/asesoriadeustosl.com\/wp-content\/uploads\/2026\/02\/business-man-holding-smartphone-working-mobile-devices-cell-telephone-technology-ecommerce-smartphone-business-work-1024x683.jpg 1024w, https:\/\/asesoriadeustosl.com\/wp-content\/uploads\/2026\/02\/business-man-holding-smartphone-working-mobile-devices-cell-telephone-technology-ecommerce-smartphone-business-work-300x200.jpg 300w, https:\/\/asesoriadeustosl.com\/wp-content\/uploads\/2026\/02\/business-man-holding-smartphone-working-mobile-devices-cell-telephone-technology-ecommerce-smartphone-business-work-768x512.jpg 768w, https:\/\/asesoriadeustosl.com\/wp-content\/uploads\/2026\/02\/business-man-holding-smartphone-working-mobile-devices-cell-telephone-technology-ecommerce-smartphone-business-work-1536x1024.jpg 1536w, https:\/\/asesoriadeustosl.com\/wp-content\/uploads\/2026\/02\/business-man-holding-smartphone-working-mobile-devices-cell-telephone-technology-ecommerce-smartphone-business-work-2048x1365.jpg 2048w, https:\/\/asesoriadeustosl.com\/wp-content\/uploads\/2026\/02\/business-man-holding-smartphone-working-mobile-devices-cell-telephone-technology-ecommerce-smartphone-business-work-18x12.jpg 18w\" sizes=\"(max-width: 800px) 100vw, 800px\" \/>\t\t\t\t\t\t\t\t\t\t\t\t\t\t\t<\/div>\n\t\t\t\t<\/div>\n\t\t<div class=\"elementor-element elementor-element-b373963 e-con-full e-flex e-con e-child\" data-id=\"b373963\" data-element_type=\"container\" data-e-type=\"container\">\n\t\t\t\t<div class=\"elementor-element elementor-element-523f26d elementor-widget elementor-widget-heading\" data-id=\"523f26d\" data-element_type=\"widget\" data-e-type=\"widget\" data-widget_type=\"heading.default\">\n\t\t\t\t\t<h2 class=\"elementor-heading-title elementor-size-default\">Asesor\u00eda contable<\/h2>\t\t\t\t<\/div>\n\t\t\t\t<div class=\"elementor-element elementor-element-560fe76 elementor-widget elementor-widget-text-editor\" data-id=\"560fe76\" data-element_type=\"widget\" data-e-type=\"widget\" data-widget_type=\"text-editor.default\">\n\t\t\t\t\t\t\t\t\t<p>Mecanizaci\u00f3n de facturas para elaboraci\u00f3n de libro registro de operaciones econ\u00f3micas, presentaci\u00f3n de cuentas anuales<\/p>\t\t\t\t\t\t\t\t<\/div>\n\t\t\t\t<\/div>\n\t\t\t\t\t<\/div>\n\t\t\t\t<\/div>\n\t\t<div class=\"elementor-element elementor-element-77cf053 e-flex e-con-boxed e-con e-parent\" data-id=\"77cf053\" data-element_type=\"container\" data-e-type=\"container\">\n\t\t\t\t\t<div class=\"e-con-inner\">\n\t\t<div class=\"elementor-element elementor-element-cd3564a e-con-full animated-slow e-flex elementor-invisible e-con e-child\" data-id=\"cd3564a\" data-element_type=\"container\" data-e-type=\"container\" data-settings=\"{&quot;animation&quot;:&quot;fadeInRight&quot;}\">\n\t\t\t\t<div class=\"elementor-element elementor-element-892f926 elementor-widget elementor-widget-image\" data-id=\"892f926\" data-element_type=\"widget\" data-e-type=\"widget\" data-widget_type=\"image.default\">\n\t\t\t\t\t\t\t\t\t\t\t\t\t\t\t<img loading=\"lazy\" decoding=\"async\" width=\"800\" height=\"534\" src=\"https:\/\/asesoriadeustosl.com\/wp-content\/uploads\/2026\/02\/closeup-unrecognizable-couple-signing-contract-with-financial-advisor-1024x683.jpg\" class=\"attachment-large size-large wp-image-318\" alt=\"\" srcset=\"https:\/\/asesoriadeustosl.com\/wp-content\/uploads\/2026\/02\/closeup-unrecognizable-couple-signing-contract-with-financial-advisor-1024x683.jpg 1024w, https:\/\/asesoriadeustosl.com\/wp-content\/uploads\/2026\/02\/closeup-unrecognizable-couple-signing-contract-with-financial-advisor-300x200.jpg 300w, https:\/\/asesoriadeustosl.com\/wp-content\/uploads\/2026\/02\/closeup-unrecognizable-couple-signing-contract-with-financial-advisor-768x512.jpg 768w, https:\/\/asesoriadeustosl.com\/wp-content\/uploads\/2026\/02\/closeup-unrecognizable-couple-signing-contract-with-financial-advisor-1536x1024.jpg 1536w, https:\/\/asesoriadeustosl.com\/wp-content\/uploads\/2026\/02\/closeup-unrecognizable-couple-signing-contract-with-financial-advisor-2048x1365.jpg 2048w, https:\/\/asesoriadeustosl.com\/wp-content\/uploads\/2026\/02\/closeup-unrecognizable-couple-signing-contract-with-financial-advisor-18x12.jpg 18w\" sizes=\"(max-width: 800px) 100vw, 800px\" \/>\t\t\t\t\t\t\t\t\t\t\t\t\t\t\t<\/div>\n\t\t\t\t<\/div>\n\t\t<div class=\"elementor-element elementor-element-50fcca2 e-con-full e-flex e-con e-child\" data-id=\"50fcca2\" data-element_type=\"container\" data-e-type=\"container\">\n\t\t\t\t<div class=\"elementor-element elementor-element-64ecf17 elementor-widget elementor-widget-heading\" data-id=\"64ecf17\" data-element_type=\"widget\" data-e-type=\"widget\" data-widget_type=\"heading.default\">\n\t\t\t\t\t<h2 class=\"elementor-heading-title elementor-size-default\">Corredur\u00eda de Seguros<\/h2>\t\t\t\t<\/div>\n\t\t\t\t<div class=\"elementor-element elementor-element-568434c elementor-widget elementor-widget-text-editor\" data-id=\"568434c\" data-element_type=\"widget\" data-e-type=\"widget\" data-widget_type=\"text-editor.default\">\n\t\t\t\t\t\t\t\t\t<p>Cotizaci\u00f3n y emisi\u00f3n de seguros de auto, hogar, comercios, comunidades de propietarios, accidentes, vida, salud, productos de ahorro e inversi\u00f3n.. Trabajamos con seis compa\u00f1\u00edas aseguradoras punteras del sector.<\/p>\t\t\t\t\t\t\t\t<\/div>\n\t\t\t\t<\/div>\n\t\t\t\t\t<\/div>\n\t\t\t\t<\/div>\n\t\t\t\t<\/div>","protected":false},"excerpt":{"rendered":"<p>Asesor\u00eda fiscal Gesti\u00f3n y presentaci\u00f3n de todos los impuestos como el IVA, retenciones de alquileres, retenciones de trabajadores, Declaraci\u00f3n de la Renta, Impuesto de Sociedades Asesor\u00eda laboral Tramitaci\u00f3n de altas y bajas de trabajadores en la Seguridad Social, contratos de trabajo, confecci\u00f3n de n\u00f3minas y seguros sociales, elaboraci\u00f3n de cartas de despido y finiquitos Asesor\u00eda [&hellip;]<\/p>\n","protected":false},"author":1,"featured_media":0,"parent":0,"menu_order":0,"comment_status":"closed","ping_status":"closed","template":"elementor_canvas","meta":{"footnotes":""},"class_list":["post-26","page","type-page","status-publish","hentry"],"yoast_head":"<!-- This site is optimized with the Yoast SEO plugin v27.4 - https:\/\/yoast.com\/product\/yoast-seo-wordpress\/ -->\n<title>Servicios - Asesor\u00eda Deusto<\/title>\n<meta name=\"robots\" content=\"index, follow, max-snippet:-1, max-image-preview:large, max-video-preview:-1\" \/>\n<link rel=\"canonical\" href=\"https:\/\/asesoriadeustosl.com\/eu\/servicios\/\" \/>\n<meta property=\"og:locale\" content=\"en_US\" \/>\n<meta property=\"og:type\" content=\"article\" \/>\n<meta property=\"og:title\" content=\"Servicios - Asesor\u00eda Deusto\" \/>\n<meta property=\"og:description\" content=\"Asesor\u00eda fiscal Gesti\u00f3n y presentaci\u00f3n de todos los impuestos como el IVA, retenciones de alquileres, retenciones de trabajadores, Declaraci\u00f3n de la Renta, Impuesto de Sociedades Asesor\u00eda laboral Tramitaci\u00f3n de altas y bajas de trabajadores en la Seguridad Social, contratos de trabajo, confecci\u00f3n de n\u00f3minas y seguros sociales, elaboraci\u00f3n de cartas de despido y finiquitos Asesor\u00eda [&hellip;]\" \/>\n<meta property=\"og:url\" content=\"https:\/\/asesoriadeustosl.com\/eu\/servicios\/\" \/>\n<meta property=\"og:site_name\" content=\"Asesor\u00eda Deusto\" \/>\n<meta property=\"article:modified_time\" content=\"2026-02-03T09:19:18+00:00\" \/>\n<meta property=\"og:image\" content=\"https:\/\/asesoriadeustosl.com\/wp-content\/uploads\/2026\/02\/cropped-hands-businesswoman-using-phone-desk-office-1024x683.jpg\" \/>\n<meta name=\"twitter:card\" content=\"summary_large_image\" \/>\n<meta name=\"twitter:label1\" content=\"Est. reading time\" \/>\n\t<meta name=\"twitter:data1\" content=\"1 minutua\" \/>\n<script type=\"application\/ld+json\" class=\"yoast-schema-graph\">{\"@context\":\"https:\\\/\\\/schema.org\",\"@graph\":[{\"@type\":\"WebPage\",\"@id\":\"https:\\\/\\\/asesoriadeustosl.com\\\/servicios\\\/\",\"url\":\"https:\\\/\\\/asesoriadeustosl.com\\\/servicios\\\/\",\"name\":\"Servicios - Asesor\u00eda Deusto\",\"isPartOf\":{\"@id\":\"https:\\\/\\\/asesoriadeustosl.com\\\/#website\"},\"primaryImageOfPage\":{\"@id\":\"https:\\\/\\\/asesoriadeustosl.com\\\/servicios\\\/#primaryimage\"},\"image\":{\"@id\":\"https:\\\/\\\/asesoriadeustosl.com\\\/servicios\\\/#primaryimage\"},\"thumbnailUrl\":\"https:\\\/\\\/asesoriadeustosl.com\\\/wp-content\\\/uploads\\\/2026\\\/02\\\/cropped-hands-businesswoman-using-phone-desk-office-1024x683.jpg\",\"datePublished\":\"2026-02-02T15:36:16+00:00\",\"dateModified\":\"2026-02-03T09:19:18+00:00\",\"breadcrumb\":{\"@id\":\"https:\\\/\\\/asesoriadeustosl.com\\\/servicios\\\/#breadcrumb\"},\"inLanguage\":\"eu\",\"potentialAction\":[{\"@type\":\"ReadAction\",\"target\":[\"https:\\\/\\\/asesoriadeustosl.com\\\/servicios\\\/\"]}]},{\"@type\":\"ImageObject\",\"inLanguage\":\"eu\",\"@id\":\"https:\\\/\\\/asesoriadeustosl.com\\\/servicios\\\/#primaryimage\",\"url\":\"https:\\\/\\\/asesoriadeustosl.com\\\/wp-content\\\/uploads\\\/2026\\\/02\\\/cropped-hands-businesswoman-using-phone-desk-office-1024x683.jpg\",\"contentUrl\":\"https:\\\/\\\/asesoriadeustosl.com\\\/wp-content\\\/uploads\\\/2026\\\/02\\\/cropped-hands-businesswoman-using-phone-desk-office-1024x683.jpg\"},{\"@type\":\"BreadcrumbList\",\"@id\":\"https:\\\/\\\/asesoriadeustosl.com\\\/servicios\\\/#breadcrumb\",\"itemListElement\":[{\"@type\":\"ListItem\",\"position\":1,\"name\":\"Portada\",\"item\":\"https:\\\/\\\/asesoriadeustosl.com\\\/\"},{\"@type\":\"ListItem\",\"position\":2,\"name\":\"Servicios\"}]},{\"@type\":\"WebSite\",\"@id\":\"https:\\\/\\\/asesoriadeustosl.com\\\/#website\",\"url\":\"https:\\\/\\\/asesoriadeustosl.com\\\/\",\"name\":\"Asesor\u00eda Deusto\",\"description\":\"\",\"publisher\":{\"@id\":\"https:\\\/\\\/asesoriadeustosl.com\\\/#organization\"},\"potentialAction\":[{\"@type\":\"SearchAction\",\"target\":{\"@type\":\"EntryPoint\",\"urlTemplate\":\"https:\\\/\\\/asesoriadeustosl.com\\\/?s={search_term_string}\"},\"query-input\":{\"@type\":\"PropertyValueSpecification\",\"valueRequired\":true,\"valueName\":\"search_term_string\"}}],\"inLanguage\":\"eu\"},{\"@type\":\"Organization\",\"@id\":\"https:\\\/\\\/asesoriadeustosl.com\\\/#organization\",\"name\":\"Asesor\u00eda Deusto\",\"url\":\"https:\\\/\\\/asesoriadeustosl.com\\\/\",\"logo\":{\"@type\":\"ImageObject\",\"inLanguage\":\"eu\",\"@id\":\"https:\\\/\\\/asesoriadeustosl.com\\\/#\\\/schema\\\/logo\\\/image\\\/\",\"url\":\"https:\\\/\\\/asesoriadeustosl.com\\\/wp-content\\\/uploads\\\/2026\\\/02\\\/cropped-LOGOTIPO-ASESORIA-DEUSTO-v2-ruben-manrique.jpg\",\"contentUrl\":\"https:\\\/\\\/asesoriadeustosl.com\\\/wp-content\\\/uploads\\\/2026\\\/02\\\/cropped-LOGOTIPO-ASESORIA-DEUSTO-v2-ruben-manrique.jpg\",\"width\":1999,\"height\":499,\"caption\":\"Asesor\u00eda Deusto\"},\"image\":{\"@id\":\"https:\\\/\\\/asesoriadeustosl.com\\\/#\\\/schema\\\/logo\\\/image\\\/\"}}]}<\/script>\n<!-- \/ Yoast SEO plugin. -->","yoast_head_json":{"title":"Servicios - Asesor\u00eda Deusto","robots":{"index":"index","follow":"follow","max-snippet":"max-snippet:-1","max-image-preview":"max-image-preview:large","max-video-preview":"max-video-preview:-1"},"canonical":"https:\/\/asesoriadeustosl.com\/eu\/servicios\/","og_locale":"en_US","og_type":"article","og_title":"Servicios - Asesor\u00eda Deusto","og_description":"Asesor\u00eda fiscal Gesti\u00f3n y presentaci\u00f3n de todos los impuestos como el IVA, retenciones de alquileres, retenciones de trabajadores, Declaraci\u00f3n de la Renta, Impuesto de Sociedades Asesor\u00eda laboral Tramitaci\u00f3n de altas y bajas de trabajadores en la Seguridad Social, contratos de trabajo, confecci\u00f3n de n\u00f3minas y seguros sociales, elaboraci\u00f3n de cartas de despido y finiquitos Asesor\u00eda [&hellip;]","og_url":"https:\/\/asesoriadeustosl.com\/eu\/servicios\/","og_site_name":"Asesor\u00eda Deusto","article_modified_time":"2026-02-03T09:19:18+00:00","og_image":[{"url":"https:\/\/asesoriadeustosl.com\/wp-content\/uploads\/2026\/02\/cropped-hands-businesswoman-using-phone-desk-office-1024x683.jpg","type":"","width":"","height":""}],"twitter_card":"summary_large_image","twitter_misc":{"Est. reading time":"1 minutua"},"schema":{"@context":"https:\/\/schema.org","@graph":[{"@type":"WebPage","@id":"https:\/\/asesoriadeustosl.com\/servicios\/","url":"https:\/\/asesoriadeustosl.com\/servicios\/","name":"Servicios - Asesor\u00eda Deusto","isPartOf":{"@id":"https:\/\/asesoriadeustosl.com\/#website"},"primaryImageOfPage":{"@id":"https:\/\/asesoriadeustosl.com\/servicios\/#primaryimage"},"image":{"@id":"https:\/\/asesoriadeustosl.com\/servicios\/#primaryimage"},"thumbnailUrl":"https:\/\/asesoriadeustosl.com\/wp-content\/uploads\/2026\/02\/cropped-hands-businesswoman-using-phone-desk-office-1024x683.jpg","datePublished":"2026-02-02T15:36:16+00:00","dateModified":"2026-02-03T09:19:18+00:00","breadcrumb":{"@id":"https:\/\/asesoriadeustosl.com\/servicios\/#breadcrumb"},"inLanguage":"eu","potentialAction":[{"@type":"ReadAction","target":["https:\/\/asesoriadeustosl.com\/servicios\/"]}]},{"@type":"ImageObject","inLanguage":"eu","@id":"https:\/\/asesoriadeustosl.com\/servicios\/#primaryimage","url":"https:\/\/asesoriadeustosl.com\/wp-content\/uploads\/2026\/02\/cropped-hands-businesswoman-using-phone-desk-office-1024x683.jpg","contentUrl":"https:\/\/asesoriadeustosl.com\/wp-content\/uploads\/2026\/02\/cropped-hands-businesswoman-using-phone-desk-office-1024x683.jpg"},{"@type":"BreadcrumbList","@id":"https:\/\/asesoriadeustosl.com\/servicios\/#breadcrumb","itemListElement":[{"@type":"ListItem","position":1,"name":"Portada","item":"https:\/\/asesoriadeustosl.com\/"},{"@type":"ListItem","position":2,"name":"Servicios"}]},{"@type":"WebSite","@id":"https:\/\/asesoriadeustosl.com\/#website","url":"https:\/\/asesoriadeustosl.com\/","name":"Deustuko Aholkularitza","description":"","publisher":{"@id":"https:\/\/asesoriadeustosl.com\/#organization"},"potentialAction":[{"@type":"SearchAction","target":{"@type":"EntryPoint","urlTemplate":"https:\/\/asesoriadeustosl.com\/?s={search_term_string}"},"query-input":{"@type":"PropertyValueSpecification","valueRequired":true,"valueName":"search_term_string"}}],"inLanguage":"eu"},{"@type":"Organization","@id":"https:\/\/asesoriadeustosl.com\/#organization","name":"Deustuko Aholkularitza","url":"https:\/\/asesoriadeustosl.com\/","logo":{"@type":"ImageObject","inLanguage":"eu","@id":"https:\/\/asesoriadeustosl.com\/#\/schema\/logo\/image\/","url":"https:\/\/asesoriadeustosl.com\/wp-content\/uploads\/2026\/02\/cropped-LOGOTIPO-ASESORIA-DEUSTO-v2-ruben-manrique.jpg","contentUrl":"https:\/\/asesoriadeustosl.com\/wp-content\/uploads\/2026\/02\/cropped-LOGOTIPO-ASESORIA-DEUSTO-v2-ruben-manrique.jpg","width":1999,"height":499,"caption":"Asesor\u00eda Deusto"},"image":{"@id":"https:\/\/asesoriadeustosl.com\/#\/schema\/logo\/image\/"}}]}},"_links":{"self":[{"href":"https:\/\/asesoriadeustosl.com\/eu\/wp-json\/wp\/v2\/pages\/26","targetHints":{"allow":["GET"]}}],"collection":[{"href":"https:\/\/asesoriadeustosl.com\/eu\/wp-json\/wp\/v2\/pages"}],"about":[{"href":"https:\/\/asesoriadeustosl.com\/eu\/wp-json\/wp\/v2\/types\/page"}],"author":[{"embeddable":true,"href":"https:\/\/asesoriadeustosl.com\/eu\/wp-json\/wp\/v2\/users\/1"}],"replies":[{"embeddable":true,"href":"https:\/\/asesoriadeustosl.com\/eu\/wp-json\/wp\/v2\/comments?post=26"}],"version-history":[{"count":118,"href":"https:\/\/asesoriadeustosl.com\/eu\/wp-json\/wp\/v2\/pages\/26\/revisions"}],"predecessor-version":[{"id":374,"href":"https:\/\/asesoriadeustosl.com\/eu\/wp-json\/wp\/v2\/pages\/26\/revisions\/374"}],"wp:attachment":[{"href":"https:\/\/asesoriadeustosl.com\/eu\/wp-json\/wp\/v2\/media?parent=26"}],"curies":[{"name":"wp","href":"https:\/\/api.w.org\/{rel}","templated":true}]}}