{"id":9,"date":"2026-02-02T15:31:41","date_gmt":"2026-02-02T15:31:41","guid":{"rendered":"https:\/\/asesoriadeustosl.rkinformatika.online\/?page_id=9"},"modified":"2026-02-05T17:22:19","modified_gmt":"2026-02-05T17:22:19","slug":"inicio","status":"publish","type":"page","link":"https:\/\/asesoriadeustosl.com\/eu\/","title":{"rendered":"Hasiera"},"content":{"rendered":"\t\t<div data-elementor-type=\"wp-page\" data-elementor-id=\"9\" class=\"elementor elementor-9\" data-elementor-post-type=\"page\">\n\t\t\t\t<div class=\"elementor-element elementor-element-b8b5db7 e-flex e-con-boxed e-con e-parent\" data-id=\"b8b5db7\" data-element_type=\"container\" data-e-type=\"container\" data-settings=\"{&quot;background_background&quot;:&quot;classic&quot;}\">\n\t\t\t\t\t<div class=\"e-con-inner\">\n\t\t\t\t<div class=\"elementor-element elementor-element-e2f5987 elementor-widget elementor-widget-heading\" data-id=\"e2f5987\" data-element_type=\"widget\" data-e-type=\"widget\" data-widget_type=\"heading.default\">\n\t\t\t\t\t<h2 class=\"elementor-heading-title elementor-size-default\">Asesor\u00eda Deusto<\/h2>\t\t\t\t<\/div>\n\t\t\t\t<div class=\"elementor-element elementor-element-f5d7914 elementor-widget elementor-widget-heading\" data-id=\"f5d7914\" data-element_type=\"widget\" data-e-type=\"widget\" data-widget_type=\"heading.default\">\n\t\t\t\t\t<h2 class=\"elementor-heading-title elementor-size-default\">Soluciones laborales, fiscales, contables y de seguros<\/h2>\t\t\t\t<\/div>\n\t\t\t\t\t<\/div>\n\t\t\t\t<\/div>\n\t\t<div class=\"elementor-element elementor-element-777f532 e-flex e-con-boxed e-con e-parent\" data-id=\"777f532\" data-element_type=\"container\" data-e-type=\"container\">\n\t\t\t\t\t<div class=\"e-con-inner\">\n\t\t<div class=\"elementor-element elementor-element-fb262e6 e-con-full e-flex e-con e-child\" data-id=\"fb262e6\" data-element_type=\"container\" data-e-type=\"container\">\n\t\t\t\t<div class=\"elementor-element elementor-element-7f9cb14 elementor-widget elementor-widget-image\" data-id=\"7f9cb14\" data-element_type=\"widget\" data-e-type=\"widget\" data-widget_type=\"image.default\">\n\t\t\t\t\t\t\t\t\t\t\t\t\t\t\t<img fetchpriority=\"high\" decoding=\"async\" width=\"1840\" height=\"2048\" src=\"https:\/\/asesoriadeustosl.com\/wp-content\/uploads\/2026\/02\/IMG20251211130221-ruben-manrique-scaled-e1770110796938-1840x2048.jpg\" class=\"elementor-animation-wobble-horizontal attachment-2048x2048 size-2048x2048 wp-image-357\" alt=\"\" srcset=\"https:\/\/asesoriadeustosl.com\/wp-content\/uploads\/2026\/02\/IMG20251211130221-ruben-manrique-scaled-e1770110796938-1840x2048.jpg 1840w, https:\/\/asesoriadeustosl.com\/wp-content\/uploads\/2026\/02\/IMG20251211130221-ruben-manrique-scaled-e1770110796938-269x300.jpg 269w, https:\/\/asesoriadeustosl.com\/wp-content\/uploads\/2026\/02\/IMG20251211130221-ruben-manrique-scaled-e1770110796938-920x1024.jpg 920w, https:\/\/asesoriadeustosl.com\/wp-content\/uploads\/2026\/02\/IMG20251211130221-ruben-manrique-scaled-e1770110796938-768x855.jpg 768w, https:\/\/asesoriadeustosl.com\/wp-content\/uploads\/2026\/02\/IMG20251211130221-ruben-manrique-scaled-e1770110796938-1380x1536.jpg 1380w, https:\/\/asesoriadeustosl.com\/wp-content\/uploads\/2026\/02\/IMG20251211130221-ruben-manrique-scaled-e1770110796938-11x12.jpg 11w, https:\/\/asesoriadeustosl.com\/wp-content\/uploads\/2026\/02\/IMG20251211130221-ruben-manrique-scaled-e1770110796938.jpg 1882w\" sizes=\"(max-width: 1840px) 100vw, 1840px\" \/>\t\t\t\t\t\t\t\t\t\t\t\t\t\t\t<\/div>\n\t\t\t\t<\/div>\n\t\t<div class=\"elementor-element elementor-element-17e28b3 e-con-full e-flex e-con e-child\" data-id=\"17e28b3\" data-element_type=\"container\" data-e-type=\"container\">\n\t\t\t\t<div class=\"elementor-element elementor-element-80552b4 elementor-widget elementor-widget-heading\" data-id=\"80552b4\" data-element_type=\"widget\" data-e-type=\"widget\" data-widget_type=\"heading.default\">\n\t\t\t\t\t<h2 class=\"elementor-heading-title elementor-size-default\">Sobre Nosotros<\/h2>\t\t\t\t<\/div>\n\t\t\t\t<div class=\"elementor-element elementor-element-933015f elementor-widget elementor-widget-text-editor\" data-id=\"933015f\" data-element_type=\"widget\" data-e-type=\"widget\" data-widget_type=\"text-editor.default\">\n\t\t\t\t\t\t\t\t\t<p data-start=\"20\" data-end=\"388\">Somos una empresa con m\u00e1s de 30 a\u00f1os de experiencia ayudando a aut\u00f3nomos y peque\u00f1as empresas. Nos encargamos de la gesti\u00f3n fiscal, laboral y contable y tambi\u00e9n trabajamos como corredur\u00eda de seguros, buscando la mejor opci\u00f3n entre varias compa\u00f1\u00edas.<\/p><div class=\"flex flex-col text-sm pb-25\"><article class=\"text-token-text-primary w-full focus:outline-none [--shadow-height:45px] has-data-writing-block:pointer-events-none has-data-writing-block:-mt-(--shadow-height) has-data-writing-block:pt-(--shadow-height) [&amp;:has([data-writing-block])&gt;*]:pointer-events-auto scroll-mt-[calc(var(--header-height)+min(200px,max(70px,20svh)))]\" dir=\"auto\" tabindex=\"-1\" data-turn-id=\"78b39fad-96d8-4444-b4fd-90504e43e842\" data-testid=\"conversation-turn-8\" data-scroll-anchor=\"true\" data-turn=\"assistant\"><div class=\"text-base my-auto mx-auto pb-10 [--thread-content-margin:--spacing(4)] @w-sm\/main:[--thread-content-margin:--spacing(6)] @w-lg\/main:[--thread-content-margin:--spacing(16)] px-(--thread-content-margin)\"><div class=\"[--thread-content-max-width:40rem] @w-lg\/main:[--thread-content-max-width:48rem] mx-auto max-w-(--thread-content-max-width) flex-1 group\/turn-messages focus-visible:outline-hidden relative flex w-full min-w-0 flex-col agent-turn\" tabindex=\"-1\"><div class=\"flex max-w-full flex-col grow\"><div class=\"min-h-8 text-message relative flex w-full flex-col items-end gap-2 text-start break-words whitespace-normal [.text-message+&amp;]:mt-1\" dir=\"auto\" data-message-author-role=\"assistant\" data-message-id=\"cb883425-3165-472d-831b-b4efbc4eefd5\" data-message-model-slug=\"gpt-5-2-thinking\"><div class=\"flex w-full flex-col gap-1 empty:hidden first:pt-[1px]\"><div class=\"markdown prose dark:prose-invert w-full wrap-break-word light markdown-new-styling\"><p data-start=\"270\" data-end=\"542\" data-is-last-node=\"\" data-is-only-node=\"\">Nos encargamos de la gesti\u00f3n fiscal, laboral y contable y, adem\u00e1s, actuamos como corredur\u00eda de seguros. As\u00ed, en un mismo lugar tienes asesoramiento y protecci\u00f3n, comparando opciones entre varias aseguradoras para encontrar la que mejor se adapta a tus necesidades.<\/p><\/div><\/div><\/div><\/div><\/div><\/div><\/article><\/div>\t\t\t\t\t\t\t\t<\/div>\n\t\t\t\t<div class=\"elementor-element elementor-element-79b6eb6 elementor-widget elementor-widget-counter\" data-id=\"79b6eb6\" data-element_type=\"widget\" data-e-type=\"widget\" data-widget_type=\"counter.default\">\n\t\t\t\t\t\t\t<div class=\"elementor-counter\">\n\t\t\t<div class=\"elementor-counter-title\">A\u00f1os de Experencia<\/div>\t\t\t<div class=\"elementor-counter-number-wrapper\">\n\t\t\t\t<span class=\"elementor-counter-number-prefix\">+<\/span>\n\t\t\t\t<span class=\"elementor-counter-number\" data-duration=\"2000\" data-to-value=\"30\" data-from-value=\"0\" data-delimiter=\",\">0<\/span>\n\t\t\t\t<span class=\"elementor-counter-number-suffix\"><\/span>\n\t\t\t<\/div>\n\t\t<\/div>\n\t\t\t\t\t\t<\/div>\n\t\t\t\t<\/div>\n\t\t\t\t\t<\/div>\n\t\t\t\t<\/div>\n\t\t<div class=\"elementor-element elementor-element-a717474 e-flex e-con-boxed e-con e-parent\" data-id=\"a717474\" data-element_type=\"container\" data-e-type=\"container\" data-settings=\"{&quot;background_background&quot;:&quot;classic&quot;}\">\n\t\t\t\t\t<div class=\"e-con-inner\">\n\t\t\t\t<div class=\"elementor-element elementor-element-39a7d1b elementor-widget elementor-widget-heading\" data-id=\"39a7d1b\" data-element_type=\"widget\" data-e-type=\"widget\" data-widget_type=\"heading.default\">\n\t\t\t\t\t<h2 class=\"elementor-heading-title elementor-size-default\">\u00bfBuscas una asesor\u00eda de confianza?<\/h2>\t\t\t\t<\/div>\n\t\t\t\t<div class=\"elementor-element elementor-element-940dafc elementor-widget elementor-widget-button\" data-id=\"940dafc\" data-element_type=\"widget\" data-e-type=\"widget\" data-widget_type=\"button.default\">\n\t\t\t\t\t\t\t\t\t\t<a class=\"elementor-button elementor-button-link elementor-size-sm elementor-animation-wobble-horizontal\" href=\"\/contacto\">\n\t\t\t\t\t\t<span class=\"elementor-button-content-wrapper\">\n\t\t\t\t\t\t\t\t\t<span class=\"elementor-button-text\">Escr\u00edbenos<\/span>\n\t\t\t\t\t<\/span>\n\t\t\t\t\t<\/a>\n\t\t\t\t\t\t\t\t<\/div>\n\t\t\t\t\t<\/div>\n\t\t\t\t<\/div>\n\t\t<div class=\"elementor-element elementor-element-5f465f5 e-flex e-con-boxed e-con e-parent\" data-id=\"5f465f5\" data-element_type=\"container\" data-e-type=\"container\" data-settings=\"{&quot;background_background&quot;:&quot;classic&quot;}\">\n\t\t\t\t\t<div class=\"e-con-inner\">\n\t\t<div class=\"elementor-element elementor-element-cab9a58 e-con-full e-flex e-con e-child\" data-id=\"cab9a58\" data-element_type=\"container\" data-e-type=\"container\">\n\t\t\t\t<div class=\"elementor-element elementor-element-f27ec2c elementor-widget elementor-widget-heading\" data-id=\"f27ec2c\" data-element_type=\"widget\" data-e-type=\"widget\" data-widget_type=\"heading.default\">\n\t\t\t\t\t<h2 class=\"elementor-heading-title elementor-size-default\">\u00bfPor que elegirnos?\n<\/h2>\t\t\t\t<\/div>\n\t\t\t\t<\/div>\n\t\t<div class=\"elementor-element elementor-element-b568a31 e-con-full e-flex e-con e-child\" data-id=\"b568a31\" data-element_type=\"container\" data-e-type=\"container\">\n\t\t\t\t<div class=\"elementor-element elementor-element-6432204 elementor-position-top elementor-widget elementor-widget-image-box\" data-id=\"6432204\" data-element_type=\"widget\" data-e-type=\"widget\" data-widget_type=\"image-box.default\">\n\t\t\t\t\t<div class=\"elementor-image-box-wrapper\"><figure class=\"elementor-image-box-img\"><img decoding=\"async\" width=\"512\" height=\"512\" src=\"https:\/\/asesoriadeustosl.com\/wp-content\/uploads\/2026\/02\/problem-solving_12198785.png\" class=\"attachment-full size-full wp-image-561\" alt=\"\" srcset=\"https:\/\/asesoriadeustosl.com\/wp-content\/uploads\/2026\/02\/problem-solving_12198785.png 512w, https:\/\/asesoriadeustosl.com\/wp-content\/uploads\/2026\/02\/problem-solving_12198785-300x300.png 300w, https:\/\/asesoriadeustosl.com\/wp-content\/uploads\/2026\/02\/problem-solving_12198785-150x150.png 150w, https:\/\/asesoriadeustosl.com\/wp-content\/uploads\/2026\/02\/problem-solving_12198785-12x12.png 12w\" sizes=\"(max-width: 512px) 100vw, 512px\" \/><\/figure><div class=\"elementor-image-box-content\"><h3 class=\"elementor-image-box-title\">Asesoramiento integral<\/h3><p class=\"elementor-image-box-description\">Unificamos la gesti\u00f3n fiscal, laboral y contable con la corredur\u00eda de seguros para que todo est\u00e9 alineado y sin duplicidades.<\/p><\/div><\/div>\t\t\t\t<\/div>\n\t\t\t\t<\/div>\n\t\t<div class=\"elementor-element elementor-element-16fbaf8 e-con-full e-flex e-con e-child\" data-id=\"16fbaf8\" data-element_type=\"container\" data-e-type=\"container\">\n\t\t\t\t<div class=\"elementor-element elementor-element-fad50f1 elementor-position-top elementor-widget elementor-widget-image-box\" data-id=\"fad50f1\" data-element_type=\"widget\" data-e-type=\"widget\" data-widget_type=\"image-box.default\">\n\t\t\t\t\t<div class=\"elementor-image-box-wrapper\"><figure class=\"elementor-image-box-img\"><img decoding=\"async\" width=\"512\" height=\"512\" src=\"https:\/\/asesoriadeustosl.com\/wp-content\/uploads\/2026\/02\/accounting_3870081.png\" class=\"attachment-full size-full wp-image-562\" alt=\"\" srcset=\"https:\/\/asesoriadeustosl.com\/wp-content\/uploads\/2026\/02\/accounting_3870081.png 512w, https:\/\/asesoriadeustosl.com\/wp-content\/uploads\/2026\/02\/accounting_3870081-300x300.png 300w, https:\/\/asesoriadeustosl.com\/wp-content\/uploads\/2026\/02\/accounting_3870081-150x150.png 150w, https:\/\/asesoriadeustosl.com\/wp-content\/uploads\/2026\/02\/accounting_3870081-12x12.png 12w\" sizes=\"(max-width: 512px) 100vw, 512px\" \/><\/figure><div class=\"elementor-image-box-content\"><h3 class=\"elementor-image-box-title\">Cumplimiento y tranquilidad<\/h3><p class=\"elementor-image-box-description\">Trabajamos con m\u00e1xima precisi\u00f3n y seguimiento continuo para que tus obligaciones est\u00e9n al d\u00eda y puedas tomar decisiones con confianza.<\/p><\/div><\/div>\t\t\t\t<\/div>\n\t\t\t\t<\/div>\n\t\t<div class=\"elementor-element elementor-element-7dfee72 e-con-full e-flex e-con e-child\" data-id=\"7dfee72\" data-element_type=\"container\" data-e-type=\"container\">\n\t\t\t\t<div class=\"elementor-element elementor-element-194f113 elementor-position-top elementor-widget elementor-widget-image-box\" data-id=\"194f113\" data-element_type=\"widget\" data-e-type=\"widget\" data-widget_type=\"image-box.default\">\n\t\t\t\t\t<div class=\"elementor-image-box-wrapper\"><figure class=\"elementor-image-box-img\"><img loading=\"lazy\" decoding=\"async\" width=\"512\" height=\"512\" src=\"https:\/\/asesoriadeustosl.com\/wp-content\/uploads\/2026\/02\/oil_2082562.png\" class=\"attachment-full size-full wp-image-560\" alt=\"\" srcset=\"https:\/\/asesoriadeustosl.com\/wp-content\/uploads\/2026\/02\/oil_2082562.png 512w, https:\/\/asesoriadeustosl.com\/wp-content\/uploads\/2026\/02\/oil_2082562-300x300.png 300w, https:\/\/asesoriadeustosl.com\/wp-content\/uploads\/2026\/02\/oil_2082562-150x150.png 150w, https:\/\/asesoriadeustosl.com\/wp-content\/uploads\/2026\/02\/oil_2082562-12x12.png 12w\" sizes=\"(max-width: 512px) 100vw, 512px\" \/><\/figure><div class=\"elementor-image-box-content\"><h3 class=\"elementor-image-box-title\">Soluciones personalizadas<\/h3><p class=\"elementor-image-box-description\">Analizamos tu situaci\u00f3n y comparamos opciones con varias compa\u00f1\u00edas para ofrecerte coberturas adaptadas a tus necesidades reales.<\/p><\/div><\/div>\t\t\t\t<\/div>\n\t\t\t\t<\/div>\n\t\t\t\t\t<\/div>\n\t\t\t\t<\/div>\n\t\t\t\t<\/div>\n\t\t","protected":false},"excerpt":{"rendered":"<p>Asesor\u00eda Deusto Soluciones laborales, fiscales, contables y de seguros Sobre Nosotros Somos una empresa con m\u00e1s de 30 a\u00f1os de experiencia ayudando a aut\u00f3nomos y peque\u00f1as empresas. Nos encargamos de la gesti\u00f3n fiscal, laboral y contable y tambi\u00e9n trabajamos como corredur\u00eda de seguros, buscando la mejor opci\u00f3n entre varias compa\u00f1\u00edas. Nos encargamos de la gesti\u00f3n [&hellip;]<\/p>\n","protected":false},"author":1,"featured_media":0,"parent":0,"menu_order":0,"comment_status":"closed","ping_status":"closed","template":"elementor_canvas","meta":{"footnotes":""},"class_list":["post-9","page","type-page","status-publish","hentry"],"yoast_head":"<!-- This site is optimized with the Yoast SEO plugin v27.4 - https:\/\/yoast.com\/product\/yoast-seo-wordpress\/ -->\n<title>Inicio - Asesor\u00eda Deusto<\/title>\n<meta name=\"robots\" content=\"index, follow, max-snippet:-1, max-image-preview:large, max-video-preview:-1\" \/>\n<link rel=\"canonical\" href=\"https:\/\/asesoriadeustosl.com\/eu\/\" \/>\n<meta property=\"og:locale\" content=\"en_US\" \/>\n<meta property=\"og:type\" content=\"article\" \/>\n<meta property=\"og:title\" content=\"Inicio - Asesor\u00eda Deusto\" \/>\n<meta property=\"og:description\" content=\"Asesor\u00eda Deusto Soluciones laborales, fiscales, contables y de seguros Sobre Nosotros Somos una empresa con m\u00e1s de 30 a\u00f1os de experiencia ayudando a aut\u00f3nomos y peque\u00f1as empresas. Nos encargamos de la gesti\u00f3n fiscal, laboral y contable y tambi\u00e9n trabajamos como corredur\u00eda de seguros, buscando la mejor opci\u00f3n entre varias compa\u00f1\u00edas. Nos encargamos de la gesti\u00f3n [&hellip;]\" \/>\n<meta property=\"og:url\" content=\"https:\/\/asesoriadeustosl.com\/eu\/\" \/>\n<meta property=\"og:site_name\" content=\"Asesor\u00eda Deusto\" \/>\n<meta property=\"article:modified_time\" content=\"2026-02-05T17:22:19+00:00\" \/>\n<meta property=\"og:image\" content=\"https:\/\/asesoriadeustosl.com\/wp-content\/uploads\/2026\/02\/IMG20251211130221-ruben-manrique-scaled-e1770110796938.jpg\" \/>\n\t<meta property=\"og:image:width\" content=\"1882\" \/>\n\t<meta property=\"og:image:height\" content=\"2095\" \/>\n\t<meta property=\"og:image:type\" content=\"image\/jpeg\" \/>\n<meta name=\"twitter:card\" content=\"summary_large_image\" \/>\n<meta name=\"twitter:label1\" content=\"Est. reading time\" \/>\n\t<meta name=\"twitter:data1\" content=\"2 minutua\" \/>\n<script type=\"application\/ld+json\" class=\"yoast-schema-graph\">{\"@context\":\"https:\\\/\\\/schema.org\",\"@graph\":[{\"@type\":\"WebPage\",\"@id\":\"https:\\\/\\\/asesoriadeustosl.com\\\/\",\"url\":\"https:\\\/\\\/asesoriadeustosl.com\\\/\",\"name\":\"Inicio - Asesor\u00eda Deusto\",\"isPartOf\":{\"@id\":\"https:\\\/\\\/asesoriadeustosl.com\\\/#website\"},\"primaryImageOfPage\":{\"@id\":\"https:\\\/\\\/asesoriadeustosl.com\\\/#primaryimage\"},\"image\":{\"@id\":\"https:\\\/\\\/asesoriadeustosl.com\\\/#primaryimage\"},\"thumbnailUrl\":\"https:\\\/\\\/asesoriadeustosl.com\\\/wp-content\\\/uploads\\\/2026\\\/02\\\/IMG20251211130221-ruben-manrique-scaled-e1770110796938-1840x2048.jpg\",\"datePublished\":\"2026-02-02T15:31:41+00:00\",\"dateModified\":\"2026-02-05T17:22:19+00:00\",\"breadcrumb\":{\"@id\":\"https:\\\/\\\/asesoriadeustosl.com\\\/#breadcrumb\"},\"inLanguage\":\"eu\",\"potentialAction\":[{\"@type\":\"ReadAction\",\"target\":[\"https:\\\/\\\/asesoriadeustosl.com\\\/\"]}]},{\"@type\":\"ImageObject\",\"inLanguage\":\"eu\",\"@id\":\"https:\\\/\\\/asesoriadeustosl.com\\\/#primaryimage\",\"url\":\"https:\\\/\\\/asesoriadeustosl.com\\\/wp-content\\\/uploads\\\/2026\\\/02\\\/IMG20251211130221-ruben-manrique-scaled-e1770110796938-1840x2048.jpg\",\"contentUrl\":\"https:\\\/\\\/asesoriadeustosl.com\\\/wp-content\\\/uploads\\\/2026\\\/02\\\/IMG20251211130221-ruben-manrique-scaled-e1770110796938-1840x2048.jpg\"},{\"@type\":\"BreadcrumbList\",\"@id\":\"https:\\\/\\\/asesoriadeustosl.com\\\/#breadcrumb\",\"itemListElement\":[{\"@type\":\"ListItem\",\"position\":1,\"name\":\"Portada\",\"item\":\"https:\\\/\\\/asesoriadeustosl.com\\\/\"},{\"@type\":\"ListItem\",\"position\":2,\"name\":\"Inicio\"}]},{\"@type\":\"WebSite\",\"@id\":\"https:\\\/\\\/asesoriadeustosl.com\\\/#website\",\"url\":\"https:\\\/\\\/asesoriadeustosl.com\\\/\",\"name\":\"Asesor\u00eda Deusto\",\"description\":\"\",\"publisher\":{\"@id\":\"https:\\\/\\\/asesoriadeustosl.com\\\/#organization\"},\"potentialAction\":[{\"@type\":\"SearchAction\",\"target\":{\"@type\":\"EntryPoint\",\"urlTemplate\":\"https:\\\/\\\/asesoriadeustosl.com\\\/?s={search_term_string}\"},\"query-input\":{\"@type\":\"PropertyValueSpecification\",\"valueRequired\":true,\"valueName\":\"search_term_string\"}}],\"inLanguage\":\"eu\"},{\"@type\":\"Organization\",\"@id\":\"https:\\\/\\\/asesoriadeustosl.com\\\/#organization\",\"name\":\"Asesor\u00eda Deusto\",\"url\":\"https:\\\/\\\/asesoriadeustosl.com\\\/\",\"logo\":{\"@type\":\"ImageObject\",\"inLanguage\":\"eu\",\"@id\":\"https:\\\/\\\/asesoriadeustosl.com\\\/#\\\/schema\\\/logo\\\/image\\\/\",\"url\":\"https:\\\/\\\/asesoriadeustosl.com\\\/wp-content\\\/uploads\\\/2026\\\/02\\\/cropped-LOGOTIPO-ASESORIA-DEUSTO-v2-ruben-manrique.jpg\",\"contentUrl\":\"https:\\\/\\\/asesoriadeustosl.com\\\/wp-content\\\/uploads\\\/2026\\\/02\\\/cropped-LOGOTIPO-ASESORIA-DEUSTO-v2-ruben-manrique.jpg\",\"width\":1999,\"height\":499,\"caption\":\"Asesor\u00eda Deusto\"},\"image\":{\"@id\":\"https:\\\/\\\/asesoriadeustosl.com\\\/#\\\/schema\\\/logo\\\/image\\\/\"}}]}<\/script>\n<!-- \/ Yoast SEO plugin. -->","yoast_head_json":{"title":"Inicio - Asesor\u00eda Deusto","robots":{"index":"index","follow":"follow","max-snippet":"max-snippet:-1","max-image-preview":"max-image-preview:large","max-video-preview":"max-video-preview:-1"},"canonical":"https:\/\/asesoriadeustosl.com\/eu\/","og_locale":"en_US","og_type":"article","og_title":"Inicio - Asesor\u00eda Deusto","og_description":"Asesor\u00eda Deusto Soluciones laborales, fiscales, contables y de seguros Sobre Nosotros Somos una empresa con m\u00e1s de 30 a\u00f1os de experiencia ayudando a aut\u00f3nomos y peque\u00f1as empresas. Nos encargamos de la gesti\u00f3n fiscal, laboral y contable y tambi\u00e9n trabajamos como corredur\u00eda de seguros, buscando la mejor opci\u00f3n entre varias compa\u00f1\u00edas. Nos encargamos de la gesti\u00f3n [&hellip;]","og_url":"https:\/\/asesoriadeustosl.com\/eu\/","og_site_name":"Asesor\u00eda Deusto","article_modified_time":"2026-02-05T17:22:19+00:00","og_image":[{"width":1882,"height":2095,"url":"https:\/\/asesoriadeustosl.com\/wp-content\/uploads\/2026\/02\/IMG20251211130221-ruben-manrique-scaled-e1770110796938.jpg","type":"image\/jpeg"}],"twitter_card":"summary_large_image","twitter_misc":{"Est. reading time":"2 minutua"},"schema":{"@context":"https:\/\/schema.org","@graph":[{"@type":"WebPage","@id":"https:\/\/asesoriadeustosl.com\/","url":"https:\/\/asesoriadeustosl.com\/","name":"Inicio - Asesor\u00eda Deusto","isPartOf":{"@id":"https:\/\/asesoriadeustosl.com\/#website"},"primaryImageOfPage":{"@id":"https:\/\/asesoriadeustosl.com\/#primaryimage"},"image":{"@id":"https:\/\/asesoriadeustosl.com\/#primaryimage"},"thumbnailUrl":"https:\/\/asesoriadeustosl.com\/wp-content\/uploads\/2026\/02\/IMG20251211130221-ruben-manrique-scaled-e1770110796938-1840x2048.jpg","datePublished":"2026-02-02T15:31:41+00:00","dateModified":"2026-02-05T17:22:19+00:00","breadcrumb":{"@id":"https:\/\/asesoriadeustosl.com\/#breadcrumb"},"inLanguage":"eu","potentialAction":[{"@type":"ReadAction","target":["https:\/\/asesoriadeustosl.com\/"]}]},{"@type":"ImageObject","inLanguage":"eu","@id":"https:\/\/asesoriadeustosl.com\/#primaryimage","url":"https:\/\/asesoriadeustosl.com\/wp-content\/uploads\/2026\/02\/IMG20251211130221-ruben-manrique-scaled-e1770110796938-1840x2048.jpg","contentUrl":"https:\/\/asesoriadeustosl.com\/wp-content\/uploads\/2026\/02\/IMG20251211130221-ruben-manrique-scaled-e1770110796938-1840x2048.jpg"},{"@type":"BreadcrumbList","@id":"https:\/\/asesoriadeustosl.com\/#breadcrumb","itemListElement":[{"@type":"ListItem","position":1,"name":"Portada","item":"https:\/\/asesoriadeustosl.com\/"},{"@type":"ListItem","position":2,"name":"Inicio"}]},{"@type":"WebSite","@id":"https:\/\/asesoriadeustosl.com\/#website","url":"https:\/\/asesoriadeustosl.com\/","name":"Deustuko Aholkularitza","description":"","publisher":{"@id":"https:\/\/asesoriadeustosl.com\/#organization"},"potentialAction":[{"@type":"SearchAction","target":{"@type":"EntryPoint","urlTemplate":"https:\/\/asesoriadeustosl.com\/?s={search_term_string}"},"query-input":{"@type":"PropertyValueSpecification","valueRequired":true,"valueName":"search_term_string"}}],"inLanguage":"eu"},{"@type":"Organization","@id":"https:\/\/asesoriadeustosl.com\/#organization","name":"Deustuko Aholkularitza","url":"https:\/\/asesoriadeustosl.com\/","logo":{"@type":"ImageObject","inLanguage":"eu","@id":"https:\/\/asesoriadeustosl.com\/#\/schema\/logo\/image\/","url":"https:\/\/asesoriadeustosl.com\/wp-content\/uploads\/2026\/02\/cropped-LOGOTIPO-ASESORIA-DEUSTO-v2-ruben-manrique.jpg","contentUrl":"https:\/\/asesoriadeustosl.com\/wp-content\/uploads\/2026\/02\/cropped-LOGOTIPO-ASESORIA-DEUSTO-v2-ruben-manrique.jpg","width":1999,"height":499,"caption":"Asesor\u00eda Deusto"},"image":{"@id":"https:\/\/asesoriadeustosl.com\/#\/schema\/logo\/image\/"}}]}},"_links":{"self":[{"href":"https:\/\/asesoriadeustosl.com\/eu\/wp-json\/wp\/v2\/pages\/9","targetHints":{"allow":["GET"]}}],"collection":[{"href":"https:\/\/asesoriadeustosl.com\/eu\/wp-json\/wp\/v2\/pages"}],"about":[{"href":"https:\/\/asesoriadeustosl.com\/eu\/wp-json\/wp\/v2\/types\/page"}],"author":[{"embeddable":true,"href":"https:\/\/asesoriadeustosl.com\/eu\/wp-json\/wp\/v2\/users\/1"}],"replies":[{"embeddable":true,"href":"https:\/\/asesoriadeustosl.com\/eu\/wp-json\/wp\/v2\/comments?post=9"}],"version-history":[{"count":248,"href":"https:\/\/asesoriadeustosl.com\/eu\/wp-json\/wp\/v2\/pages\/9\/revisions"}],"predecessor-version":[{"id":618,"href":"https:\/\/asesoriadeustosl.com\/eu\/wp-json\/wp\/v2\/pages\/9\/revisions\/618"}],"wp:attachment":[{"href":"https:\/\/asesoriadeustosl.com\/eu\/wp-json\/wp\/v2\/media?parent=9"}],"curies":[{"name":"wp","href":"https:\/\/api.w.org\/{rel}","templated":true}]}}